{"id":285,"date":"2024-08-13T10:17:12","date_gmt":"2024-08-13T10:17:12","guid":{"rendered":"http:\/\/designery-starter.local\/?page_id=285"},"modified":"2024-08-20T10:52:58","modified_gmt":"2024-08-20T10:52:58","slug":"about-us","status":"publish","type":"page","link":"https:\/\/muzejpriboj.rs\/en\/about-us\/","title":{"rendered":"About us"},"content":{"rendered":"\n<p>The Priboj Homeland Museum was founded in 1992 by the Municipality of Priboj. His founder was&nbsp; Savo Derikonji\u0107, a graduate archaeologist at the University of Belgrade, with many years of experience in field research. The reason for the study on the need to establish the Museum were numerous archaeological finds in the territory of the Priboj municipality, chronologically dated from the Star\u010devo culture until the late Middle Ages. It was conceived as a museum of a complex type, with a native character, and today it consists of: archaeological, artistic, and ethnographic departments. The Historical Department, Documentation Center, Conservation and Souvenir Workshop are in the development phase. The Archaeological Department contains prehistoric, ancient and medieval collections. The art department has three legacies: Nade\u017eda Nada Vitorovi\u0107 (painter), Nevena Vitorovi\u0107 (collector), Nail \u0106elovi\u0107 (painter). The Ethnographic Department is the legacy of the internationally recognized professor of hydrology Vujuca Jev\u0111evi\u0107 (memorial house and auxiliary building, part of professional literature, documentation and acknowledgments). Within the permanent exhibition, the work of this department is presented by a series of objects for everyday use originating from households in the territory of the municipality of Priboj, from the end of the 19th and the beginning of the 20th century, as well as photographs about fashion in Priboj from the same period.&nbsp;&nbsp;<\/p>\n\n\n\n<p>The museum is located in the center of the Old Town in two houses &#8211; exhibition and administrative part, and in the courtyard there is an amphitheater and a lapidarium. In addition to the Jev\u0111evi\u0107 Memorial House and an auxiliary building in another part of the city, the Museum today has a total of four building units with an area of 700 sqm. meters and two yards on an area of 1300 kV. Meters.<\/p>\n\n\n\n<p>During the three decades of its existence, it has been the holder or participated in a large number of scientific and archaeological research projects, among which the most important are: caves and prehistoric mounds of the Priboj region, copper mine and mining settlement Jarmovac, Uvac Monastery, St. Nicholas Monastery in Banja and Monastery of St George in Ma\u017ei\u0107, the medieval town of Jagat, the medieval necropolis of Crkvine (on the left bank of the Lim near hospital). At the same time, other departments developed through the collection and processing of exhibits, the development of exhibition activities and occasional editions in three editions of the Museum&#8217;s publishing activities: &#8220;Limes&#8221;, &#8220;Testudo&#8221; and &#8220;Jagat&#8221;.<\/p>\n","protected":false},"excerpt":{"rendered":"<p>The Priboj Homeland Museum was founded in 1992 by the Municipality of Priboj. His founder was&nbsp; Savo Derikonji\u0107, a graduate archaeologist at the University of Belgrade, with many years of experience in field research. The reason for the study on the need to establish the Museum were numerous archaeological finds in the territory of the [&hellip;]<\/p>\n","protected":false},"author":1,"featured_media":0,"parent":0,"menu_order":0,"comment_status":"closed","ping_status":"closed","template":"","meta":{"_acf_changed":false,"footnotes":""},"class_list":["post-285","page","type-page","status-publish","hentry"],"acf":[],"yoast_head":"<!-- This site is optimized with the Yoast SEO plugin v27.6 - https:\/\/yoast.com\/product\/yoast-seo-wordpress\/ -->\n<title>About us - \u0417\u0430\u0432\u0438\u0447\u0430\u0458\u043d\u0438 \u041c\u0443\u0437\u0435\u0458 \u041f\u0440\u0438\u0431\u043e\u0458<\/title>\n<meta name=\"robots\" content=\"index, follow, max-snippet:-1, max-image-preview:large, max-video-preview:-1\" \/>\n<link rel=\"canonical\" href=\"https:\/\/muzejpriboj.rs\/en\/about-us\/\" \/>\n<meta property=\"og:locale\" content=\"en_US\" \/>\n<meta property=\"og:type\" content=\"article\" \/>\n<meta property=\"og:title\" content=\"About us - \u0417\u0430\u0432\u0438\u0447\u0430\u0458\u043d\u0438 \u041c\u0443\u0437\u0435\u0458 \u041f\u0440\u0438\u0431\u043e\u0458\" \/>\n<meta property=\"og:description\" content=\"The Priboj Homeland Museum was founded in 1992 by the Municipality of Priboj. His founder was&nbsp; Savo Derikonji\u0107, a graduate archaeologist at the University of Belgrade, with many years of experience in field research. The reason for the study on the need to establish the Museum were numerous archaeological finds in the territory of the [&hellip;]\" \/>\n<meta property=\"og:url\" content=\"https:\/\/muzejpriboj.rs\/en\/about-us\/\" \/>\n<meta property=\"og:site_name\" content=\"\u0417\u0430\u0432\u0438\u0447\u0430\u0458\u043d\u0438 \u041c\u0443\u0437\u0435\u0458 \u041f\u0440\u0438\u0431\u043e\u0458\" \/>\n<meta property=\"article:modified_time\" content=\"2024-08-20T10:52:58+00:00\" \/>\n<meta name=\"twitter:card\" content=\"summary_large_image\" \/>\n<meta name=\"twitter:label1\" content=\"Est. reading time\" \/>\n\t<meta name=\"twitter:data1\" content=\"2 minutes\" \/>\n<script type=\"application\/ld+json\" class=\"yoast-schema-graph\">{\"@context\":\"https:\\\/\\\/schema.org\",\"@graph\":[{\"@type\":\"WebPage\",\"@id\":\"https:\\\/\\\/muzejpriboj.rs\\\/en\\\/about-us\\\/\",\"url\":\"https:\\\/\\\/muzejpriboj.rs\\\/en\\\/about-us\\\/\",\"name\":\"About us - \u0417\u0430\u0432\u0438\u0447\u0430\u0458\u043d\u0438 \u041c\u0443\u0437\u0435\u0458 \u041f\u0440\u0438\u0431\u043e\u0458\",\"isPartOf\":{\"@id\":\"https:\\\/\\\/muzejpriboj.rs\\\/en\\\/#website\"},\"datePublished\":\"2024-08-13T10:17:12+00:00\",\"dateModified\":\"2024-08-20T10:52:58+00:00\",\"breadcrumb\":{\"@id\":\"https:\\\/\\\/muzejpriboj.rs\\\/en\\\/about-us\\\/#breadcrumb\"},\"inLanguage\":\"en-US\",\"potentialAction\":[{\"@type\":\"ReadAction\",\"target\":[\"https:\\\/\\\/muzejpriboj.rs\\\/en\\\/about-us\\\/\"]}]},{\"@type\":\"BreadcrumbList\",\"@id\":\"https:\\\/\\\/muzejpriboj.rs\\\/en\\\/about-us\\\/#breadcrumb\",\"itemListElement\":[{\"@type\":\"ListItem\",\"position\":1,\"name\":\"Home\",\"item\":\"https:\\\/\\\/muzejpriboj.rs\\\/en\\\/\"},{\"@type\":\"ListItem\",\"position\":2,\"name\":\"About us\"}]},{\"@type\":\"WebSite\",\"@id\":\"https:\\\/\\\/muzejpriboj.rs\\\/en\\\/#website\",\"url\":\"https:\\\/\\\/muzejpriboj.rs\\\/en\\\/\",\"name\":\"\u0417\u0430\u0432\u0438\u0447\u0430\u0458\u043d\u0438 \u041c\u0443\u0437\u0435\u0458 \u041f\u0440\u0438\u0431\u043e\u0458\",\"description\":\"\u0417\u0430\u0432\u0438\u0447\u0430\u0458\u043d\u0438 \u041c\u0443\u0437\u0435\u0458 \u041f\u0440\u0438\u0431\u043e\u0458\",\"publisher\":{\"@id\":\"https:\\\/\\\/muzejpriboj.rs\\\/en\\\/#organization\"},\"potentialAction\":[{\"@type\":\"SearchAction\",\"target\":{\"@type\":\"EntryPoint\",\"urlTemplate\":\"https:\\\/\\\/muzejpriboj.rs\\\/en\\\/?s={search_term_string}\"},\"query-input\":{\"@type\":\"PropertyValueSpecification\",\"valueRequired\":true,\"valueName\":\"search_term_string\"}}],\"inLanguage\":\"en-US\"},{\"@type\":\"Organization\",\"@id\":\"https:\\\/\\\/muzejpriboj.rs\\\/en\\\/#organization\",\"name\":\"\u0417\u0430\u0432\u0438\u0447\u0430\u0458\u043d\u0438 \u041c\u0443\u0437\u0435\u0458 \u041f\u0440\u0438\u0431\u043e\u0458\",\"url\":\"https:\\\/\\\/muzejpriboj.rs\\\/en\\\/\",\"logo\":{\"@type\":\"ImageObject\",\"inLanguage\":\"en-US\",\"@id\":\"https:\\\/\\\/muzejpriboj.rs\\\/en\\\/#\\\/schema\\\/logo\\\/image\\\/\",\"url\":\"http:\\\/\\\/designery-starter.local\\\/wp-content\\\/uploads\\\/2024\\\/08\\\/IMG-20240814-WA0001.jpg\",\"contentUrl\":\"http:\\\/\\\/designery-starter.local\\\/wp-content\\\/uploads\\\/2024\\\/08\\\/IMG-20240814-WA0001.jpg\",\"width\":1600,\"height\":1520,\"caption\":\"\u0417\u0430\u0432\u0438\u0447\u0430\u0458\u043d\u0438 \u041c\u0443\u0437\u0435\u0458 \u041f\u0440\u0438\u0431\u043e\u0458\"},\"image\":{\"@id\":\"https:\\\/\\\/muzejpriboj.rs\\\/en\\\/#\\\/schema\\\/logo\\\/image\\\/\"}}]}<\/script>\n<!-- \/ Yoast SEO plugin. -->","yoast_head_json":{"title":"About us - \u0417\u0430\u0432\u0438\u0447\u0430\u0458\u043d\u0438 \u041c\u0443\u0437\u0435\u0458 \u041f\u0440\u0438\u0431\u043e\u0458","robots":{"index":"index","follow":"follow","max-snippet":"max-snippet:-1","max-image-preview":"max-image-preview:large","max-video-preview":"max-video-preview:-1"},"canonical":"https:\/\/muzejpriboj.rs\/en\/about-us\/","og_locale":"en_US","og_type":"article","og_title":"About us - \u0417\u0430\u0432\u0438\u0447\u0430\u0458\u043d\u0438 \u041c\u0443\u0437\u0435\u0458 \u041f\u0440\u0438\u0431\u043e\u0458","og_description":"The Priboj Homeland Museum was founded in 1992 by the Municipality of Priboj. His founder was&nbsp; Savo Derikonji\u0107, a graduate archaeologist at the University of Belgrade, with many years of experience in field research. The reason for the study on the need to establish the Museum were numerous archaeological finds in the territory of the [&hellip;]","og_url":"https:\/\/muzejpriboj.rs\/en\/about-us\/","og_site_name":"\u0417\u0430\u0432\u0438\u0447\u0430\u0458\u043d\u0438 \u041c\u0443\u0437\u0435\u0458 \u041f\u0440\u0438\u0431\u043e\u0458","article_modified_time":"2024-08-20T10:52:58+00:00","twitter_card":"summary_large_image","twitter_misc":{"Est. reading time":"2 minutes"},"schema":{"@context":"https:\/\/schema.org","@graph":[{"@type":"WebPage","@id":"https:\/\/muzejpriboj.rs\/en\/about-us\/","url":"https:\/\/muzejpriboj.rs\/en\/about-us\/","name":"About us - \u0417\u0430\u0432\u0438\u0447\u0430\u0458\u043d\u0438 \u041c\u0443\u0437\u0435\u0458 \u041f\u0440\u0438\u0431\u043e\u0458","isPartOf":{"@id":"https:\/\/muzejpriboj.rs\/en\/#website"},"datePublished":"2024-08-13T10:17:12+00:00","dateModified":"2024-08-20T10:52:58+00:00","breadcrumb":{"@id":"https:\/\/muzejpriboj.rs\/en\/about-us\/#breadcrumb"},"inLanguage":"en-US","potentialAction":[{"@type":"ReadAction","target":["https:\/\/muzejpriboj.rs\/en\/about-us\/"]}]},{"@type":"BreadcrumbList","@id":"https:\/\/muzejpriboj.rs\/en\/about-us\/#breadcrumb","itemListElement":[{"@type":"ListItem","position":1,"name":"Home","item":"https:\/\/muzejpriboj.rs\/en\/"},{"@type":"ListItem","position":2,"name":"About us"}]},{"@type":"WebSite","@id":"https:\/\/muzejpriboj.rs\/en\/#website","url":"https:\/\/muzejpriboj.rs\/en\/","name":"\u0417\u0430\u0432\u0438\u0447\u0430\u0458\u043d\u0438 \u041c\u0443\u0437\u0435\u0458 \u041f\u0440\u0438\u0431\u043e\u0458","description":"\u0417\u0430\u0432\u0438\u0447\u0430\u0458\u043d\u0438 \u041c\u0443\u0437\u0435\u0458 \u041f\u0440\u0438\u0431\u043e\u0458","publisher":{"@id":"https:\/\/muzejpriboj.rs\/en\/#organization"},"potentialAction":[{"@type":"SearchAction","target":{"@type":"EntryPoint","urlTemplate":"https:\/\/muzejpriboj.rs\/en\/?s={search_term_string}"},"query-input":{"@type":"PropertyValueSpecification","valueRequired":true,"valueName":"search_term_string"}}],"inLanguage":"en-US"},{"@type":"Organization","@id":"https:\/\/muzejpriboj.rs\/en\/#organization","name":"\u0417\u0430\u0432\u0438\u0447\u0430\u0458\u043d\u0438 \u041c\u0443\u0437\u0435\u0458 \u041f\u0440\u0438\u0431\u043e\u0458","url":"https:\/\/muzejpriboj.rs\/en\/","logo":{"@type":"ImageObject","inLanguage":"en-US","@id":"https:\/\/muzejpriboj.rs\/en\/#\/schema\/logo\/image\/","url":"http:\/\/designery-starter.local\/wp-content\/uploads\/2024\/08\/IMG-20240814-WA0001.jpg","contentUrl":"http:\/\/designery-starter.local\/wp-content\/uploads\/2024\/08\/IMG-20240814-WA0001.jpg","width":1600,"height":1520,"caption":"\u0417\u0430\u0432\u0438\u0447\u0430\u0458\u043d\u0438 \u041c\u0443\u0437\u0435\u0458 \u041f\u0440\u0438\u0431\u043e\u0458"},"image":{"@id":"https:\/\/muzejpriboj.rs\/en\/#\/schema\/logo\/image\/"}}]}},"_links":{"self":[{"href":"https:\/\/muzejpriboj.rs\/en\/wp-json\/wp\/v2\/pages\/285","targetHints":{"allow":["GET"]}}],"collection":[{"href":"https:\/\/muzejpriboj.rs\/en\/wp-json\/wp\/v2\/pages"}],"about":[{"href":"https:\/\/muzejpriboj.rs\/en\/wp-json\/wp\/v2\/types\/page"}],"author":[{"embeddable":true,"href":"https:\/\/muzejpriboj.rs\/en\/wp-json\/wp\/v2\/users\/1"}],"replies":[{"embeddable":true,"href":"https:\/\/muzejpriboj.rs\/en\/wp-json\/wp\/v2\/comments?post=285"}],"version-history":[{"count":1,"href":"https:\/\/muzejpriboj.rs\/en\/wp-json\/wp\/v2\/pages\/285\/revisions"}],"predecessor-version":[{"id":286,"href":"https:\/\/muzejpriboj.rs\/en\/wp-json\/wp\/v2\/pages\/285\/revisions\/286"}],"wp:attachment":[{"href":"https:\/\/muzejpriboj.rs\/en\/wp-json\/wp\/v2\/media?parent=285"}],"curies":[{"name":"wp","href":"https:\/\/api.w.org\/{rel}","templated":true}]}}